{"id":1913,"date":"2026-05-04T18:31:52","date_gmt":"2026-05-04T21:31:52","guid":{"rendered":"https:\/\/aecoart.com\/?post_type=product&#038;p=1913"},"modified":"2026-05-04T18:31:52","modified_gmt":"2026-05-04T21:31:52","slug":"sonos-arc","status":"publish","type":"product","link":"https:\/\/aecoart.com\/index.php\/product\/sonos-arc\/","title":{"rendered":"Sonos Arc"},"content":{"rendered":"<p>La barra de sonido inteligente para la tele.<\/p>\n<ul>\n<li>Los once amplificadores digitales de clase D se ajustan perfectamente a la estructura ac\u00fastica de Arc.<\/li>\n<li>Los ocho woofers el\u00edpticos garantizan una reproducci\u00f3n fiel de las frecuencias medias con unos graves profundos.<\/li>\n<li>Los tres tweeters con c\u00fapula de seda tienen una inclinaci\u00f3n precisa para ofrecer frecuencias altas y di\u00e1logos n\u00edtidos.<\/li>\n<li>Una matriz de cuatro micr\u00f3fonos de largo alcance se encarga de formar haces avanzados y evitar el eco multicanal para que tu asistente de voz se active f\u00e1cilmente.<\/li>\n<li>La tecnolog\u00eda Trueplay ajusta el altavoz de forma din\u00e1mica en funci\u00f3n de la ac\u00fastica de cada habitaci\u00f3n. Necesitas un dispositivo iOS.<\/li>\n<li>Puedes regular los ajustes de ecualizaci\u00f3n (graves, agudos y sonoridad) desde la app.<\/li>\n<li>La funci\u00f3n de mejora de la voz resalta las frecuencias de la voz humana para que los di\u00e1logos se oigan con m\u00e1s nitidez.<\/li>\n<li>La funci\u00f3n de sonido nocturno reduce la intensidad de los sonidos fuertes.<\/li>\n<\/ul>\n","protected":false},"excerpt":{"rendered":"<p>La barra de sonido inteligente para la tele. Los once amplificadores digitales de clase D se ajustan perfectamente a la estructura ac\u00fastica de Arc. Los ocho woofers el\u00edpticos garantizan una reproducci\u00f3n fiel de las frecuencias medias con unos graves profundos. Los tres tweeters con c\u00fapula de seda tienen una inclinaci\u00f3n precisa para ofrecer frecuencias altas [&hellip;]<\/p>\n","protected":false},"featured_media":1914,"comment_status":"open","ping_status":"closed","template":"","meta":{"_monsterinsights_skip_tracking":false,"_monsterinsights_sitenote_active":false,"_monsterinsights_sitenote_note":"","_monsterinsights_sitenote_category":0,"site-sidebar-layout":"default","site-content-layout":"","ast-site-content-layout":"default","site-content-style":"default","site-sidebar-style":"default","ast-global-header-display":"","ast-banner-title-visibility":"","ast-main-header-display":"","ast-hfb-above-header-display":"","ast-hfb-below-header-display":"","ast-hfb-mobile-header-display":"","site-post-title":"","ast-breadcrumbs-content":"","ast-featured-img":"","footer-sml-layout":"","theme-transparent-header-meta":"default","adv-header-id-meta":"","stick-header-meta":"","header-above-stick-meta":"","header-main-stick-meta":"","header-below-stick-meta":"","astra-migrate-meta-layouts":"set","ast-page-background-enabled":"default","ast-page-background-meta":{"desktop":{"background-color":"var(--ast-global-color-4)","background-image":"","background-repeat":"repeat","background-position":"center center","background-size":"auto","background-attachment":"scroll","background-type":"","background-media":"","overlay-type":"","overlay-color":"","overlay-gradient":""},"tablet":{"background-color":"","background-image":"","background-repeat":"repeat","background-position":"center center","background-size":"auto","background-attachment":"scroll","background-type":"","background-media":"","overlay-type":"","overlay-color":"","overlay-gradient":""},"mobile":{"background-color":"","background-image":"","background-repeat":"repeat","background-position":"center center","background-size":"auto","background-attachment":"scroll","background-type":"","background-media":"","overlay-type":"","overlay-color":"","overlay-gradient":""}},"ast-content-background-meta":{"desktop":{"background-color":"var(--ast-global-color-5)","background-image":"","background-repeat":"repeat","background-position":"center center","background-size":"auto","background-attachment":"scroll","background-type":"","background-media":"","overlay-type":"","overlay-color":"","overlay-gradient":""},"tablet":{"background-color":"var(--ast-global-color-5)","background-image":"","background-repeat":"repeat","background-position":"center center","background-size":"auto","background-attachment":"scroll","background-type":"","background-media":"","overlay-type":"","overlay-color":"","overlay-gradient":""},"mobile":{"background-color":"var(--ast-global-color-5)","background-image":"","background-repeat":"repeat","background-position":"center center","background-size":"auto","background-attachment":"scroll","background-type":"","background-media":"","overlay-type":"","overlay-color":"","overlay-gradient":""}}},"product_brand":[],"product_cat":[89,65,61,63],"product_tag":[],"class_list":{"0":"post-1913","1":"product","2":"type-product","3":"status-publish","4":"has-post-thumbnail","6":"product_cat-audio-multiroom","7":"product_cat-barras-de-sonido","8":"product_cat-parlantes","9":"product_cat-sonos","10":"desktop-align-left","11":"tablet-align-left","12":"mobile-align-left","14":"first","15":"instock","16":"shipping-taxable","17":"purchasable","18":"product-type-simple"},"aioseo_notices":[],"_links":{"self":[{"href":"https:\/\/aecoart.com\/index.php\/wp-json\/wp\/v2\/product\/1913","targetHints":{"allow":["GET"]}}],"collection":[{"href":"https:\/\/aecoart.com\/index.php\/wp-json\/wp\/v2\/product"}],"about":[{"href":"https:\/\/aecoart.com\/index.php\/wp-json\/wp\/v2\/types\/product"}],"replies":[{"embeddable":true,"href":"https:\/\/aecoart.com\/index.php\/wp-json\/wp\/v2\/comments?post=1913"}],"wp:featuredmedia":[{"embeddable":true,"href":"https:\/\/aecoart.com\/index.php\/wp-json\/wp\/v2\/media\/1914"}],"wp:attachment":[{"href":"https:\/\/aecoart.com\/index.php\/wp-json\/wp\/v2\/media?parent=1913"}],"wp:term":[{"taxonomy":"product_brand","embeddable":true,"href":"https:\/\/aecoart.com\/index.php\/wp-json\/wp\/v2\/product_brand?post=1913"},{"taxonomy":"product_cat","embeddable":true,"href":"https:\/\/aecoart.com\/index.php\/wp-json\/wp\/v2\/product_cat?post=1913"},{"taxonomy":"product_tag","embeddable":true,"href":"https:\/\/aecoart.com\/index.php\/wp-json\/wp\/v2\/product_tag?post=1913"}],"curies":[{"name":"wp","href":"https:\/\/api.w.org\/{rel}","templated":true}]}}