{"id":1752,"date":"2026-01-28T18:40:23","date_gmt":"2026-01-28T21:40:23","guid":{"rendered":"https:\/\/aecoart.com\/?post_type=product&#038;p=1752"},"modified":"2026-03-25T15:44:19","modified_gmt":"2026-03-25T18:44:19","slug":"sonos-ace","status":"publish","type":"product","link":"https:\/\/aecoart.com\/index.php\/product\/sonos-ace\/","title":{"rendered":"Sonos Ace"},"content":{"rendered":"<p class=\"Pdp_productOverview__vehq796\" data-testid=\"pdpShortDescription\">Obsesivamente dise\u00f1ados y calibrados por expertos, estos auriculares te conectan plenamente con los sonidos que m\u00e1s te emocionan.<\/p>\n<div class=\"mt-2 [&amp;_p]:text-grayDarkest\" data-testid=\"pdpLongDescription\">\n<p class=\"block text-[16px] leading-[1.4] font-normal text-greyMedium\" data-testid=\"para-sm-pt-text\">Experiment\u00e1 cada frecuencia con un nivel superior de precisi\u00f3n y nitidez. Sumergite al m\u00e1ximo con reproducci\u00f3n lossless, audio espacial con seguimiento din\u00e1mico de la cabeza y cancelaci\u00f3n activa de ruido de primer nivel. Escuch\u00e1 lo que sucede a tu alrededor con el modo Ambiente. Disfrut\u00e1 hasta 30 horas de bater\u00eda, una comodidad excepcional y una nitidez impecable en tus llamadas. Conectate a tus dispositivos de forma inal\u00e1mbrica por Bluetooth o us\u00e1 los cables USB-C y de 3,5 mm incluidos. Adem\u00e1s, dale vida a tu contenido de home theater como nunca antes.<\/p>\n<\/div>\n","protected":false},"excerpt":{"rendered":"<p>Obsesivamente dise\u00f1ados y calibrados por expertos, estos auriculares te conectan plenamente con los sonidos que m\u00e1s te emocionan. Experiment\u00e1 cada frecuencia con un nivel superior de precisi\u00f3n y nitidez. Sumergite al m\u00e1ximo con reproducci\u00f3n lossless, audio espacial con seguimiento din\u00e1mico de la cabeza y cancelaci\u00f3n activa de ruido de primer nivel. Escuch\u00e1 lo que sucede [&hellip;]<\/p>\n","protected":false},"featured_media":1760,"comment_status":"open","ping_status":"closed","template":"","meta":{"_monsterinsights_skip_tracking":false,"_monsterinsights_sitenote_active":false,"_monsterinsights_sitenote_note":"","_monsterinsights_sitenote_category":0,"site-sidebar-layout":"default","site-content-layout":"","ast-site-content-layout":"default","site-content-style":"default","site-sidebar-style":"default","ast-global-header-display":"","ast-banner-title-visibility":"","ast-main-header-display":"","ast-hfb-above-header-display":"","ast-hfb-below-header-display":"","ast-hfb-mobile-header-display":"","site-post-title":"","ast-breadcrumbs-content":"","ast-featured-img":"","footer-sml-layout":"","theme-transparent-header-meta":"default","adv-header-id-meta":"","stick-header-meta":"","header-above-stick-meta":"","header-main-stick-meta":"","header-below-stick-meta":"","astra-migrate-meta-layouts":"set","ast-page-background-enabled":"default","ast-page-background-meta":{"desktop":{"background-color":"var(--ast-global-color-4)","background-image":"","background-repeat":"repeat","background-position":"center center","background-size":"auto","background-attachment":"scroll","background-type":"","background-media":"","overlay-type":"","overlay-color":"","overlay-gradient":""},"tablet":{"background-color":"","background-image":"","background-repeat":"repeat","background-position":"center center","background-size":"auto","background-attachment":"scroll","background-type":"","background-media":"","overlay-type":"","overlay-color":"","overlay-gradient":""},"mobile":{"background-color":"","background-image":"","background-repeat":"repeat","background-position":"center center","background-size":"auto","background-attachment":"scroll","background-type":"","background-media":"","overlay-type":"","overlay-color":"","overlay-gradient":""}},"ast-content-background-meta":{"desktop":{"background-color":"var(--ast-global-color-5)","background-image":"","background-repeat":"repeat","background-position":"center center","background-size":"auto","background-attachment":"scroll","background-type":"","background-media":"","overlay-type":"","overlay-color":"","overlay-gradient":""},"tablet":{"background-color":"var(--ast-global-color-5)","background-image":"","background-repeat":"repeat","background-position":"center center","background-size":"auto","background-attachment":"scroll","background-type":"","background-media":"","overlay-type":"","overlay-color":"","overlay-gradient":""},"mobile":{"background-color":"var(--ast-global-color-5)","background-image":"","background-repeat":"repeat","background-position":"center center","background-size":"auto","background-attachment":"scroll","background-type":"","background-media":"","overlay-type":"","overlay-color":"","overlay-gradient":""}}},"product_brand":[],"product_cat":[89,70,63,84],"product_tag":[],"class_list":{"0":"post-1752","1":"product","2":"type-product","3":"status-publish","4":"has-post-thumbnail","6":"product_cat-audio-multiroom","7":"product_cat-auriculares","8":"product_cat-sonos","9":"product_cat-sonos-ace","10":"desktop-align-left","11":"tablet-align-left","12":"mobile-align-left","14":"first","15":"instock","16":"sale","17":"shipping-taxable","18":"purchasable","19":"product-type-simple"},"aioseo_notices":[],"_links":{"self":[{"href":"https:\/\/aecoart.com\/index.php\/wp-json\/wp\/v2\/product\/1752","targetHints":{"allow":["GET"]}}],"collection":[{"href":"https:\/\/aecoart.com\/index.php\/wp-json\/wp\/v2\/product"}],"about":[{"href":"https:\/\/aecoart.com\/index.php\/wp-json\/wp\/v2\/types\/product"}],"replies":[{"embeddable":true,"href":"https:\/\/aecoart.com\/index.php\/wp-json\/wp\/v2\/comments?post=1752"}],"wp:featuredmedia":[{"embeddable":true,"href":"https:\/\/aecoart.com\/index.php\/wp-json\/wp\/v2\/media\/1760"}],"wp:attachment":[{"href":"https:\/\/aecoart.com\/index.php\/wp-json\/wp\/v2\/media?parent=1752"}],"wp:term":[{"taxonomy":"product_brand","embeddable":true,"href":"https:\/\/aecoart.com\/index.php\/wp-json\/wp\/v2\/product_brand?post=1752"},{"taxonomy":"product_cat","embeddable":true,"href":"https:\/\/aecoart.com\/index.php\/wp-json\/wp\/v2\/product_cat?post=1752"},{"taxonomy":"product_tag","embeddable":true,"href":"https:\/\/aecoart.com\/index.php\/wp-json\/wp\/v2\/product_tag?post=1752"}],"curies":[{"name":"wp","href":"https:\/\/api.w.org\/{rel}","templated":true}]}}