{"id":1750,"date":"2026-01-28T18:40:11","date_gmt":"2026-01-28T21:40:11","guid":{"rendered":"https:\/\/aecoart.com\/?post_type=product&#038;p=1750"},"modified":"2026-04-06T14:50:54","modified_gmt":"2026-04-06T17:50:54","slug":"sonos-roam-2","status":"publish","type":"product","link":"https:\/\/aecoart.com\/index.php\/product\/sonos-roam-2\/","title":{"rendered":"Sonos Roam 2"},"content":{"rendered":"<p class=\"Pdp_productOverview__vehq796\" data-testid=\"pdpShortDescription\">Incre\u00edblemente ligero, resistente y potente, Roam 2 te permite disfrutar sonido Sonos con facilidad en cualquier lugar.<\/p>\n<div class=\"mt-2 [&amp;_p]:text-grayDarkest\" data-testid=\"pdpLongDescription\">\n<p class=\"block text-[16px] leading-[1.4] font-normal text-greyMedium\" data-testid=\"para-sm-pt-text\">Solamente ten\u00e9s que vincularlo, reproducir y salir con \u00e9l. Disfrut\u00e1 hasta 10 horas de reproducci\u00f3n con un nivel de nitidez y graves que desaf\u00eda su tama\u00f1o. Totalmente a prueba de agua y polvo con clasificaci\u00f3n IP67, Roam 2 est\u00e1 listo para el exterior. Conectalo al WiFi en casa con la app Sonos para acceder a m\u00e1s funciones y usarlo como parlante inteligente.<\/p>\n<\/div>\n","protected":false},"excerpt":{"rendered":"<p>Incre\u00edblemente ligero, resistente y potente, Roam 2 te permite disfrutar sonido Sonos con facilidad en cualquier lugar. Solamente ten\u00e9s que vincularlo, reproducir y salir con \u00e9l. Disfrut\u00e1 hasta 10 horas de reproducci\u00f3n con un nivel de nitidez y graves que desaf\u00eda su tama\u00f1o. Totalmente a prueba de agua y polvo con clasificaci\u00f3n IP67, Roam 2 [&hellip;]<\/p>\n","protected":false},"featured_media":1774,"comment_status":"open","ping_status":"closed","template":"","meta":{"_monsterinsights_skip_tracking":false,"_monsterinsights_sitenote_active":false,"_monsterinsights_sitenote_note":"","_monsterinsights_sitenote_category":0,"site-sidebar-layout":"default","site-content-layout":"","ast-site-content-layout":"default","site-content-style":"default","site-sidebar-style":"default","ast-global-header-display":"","ast-banner-title-visibility":"","ast-main-header-display":"","ast-hfb-above-header-display":"","ast-hfb-below-header-display":"","ast-hfb-mobile-header-display":"","site-post-title":"","ast-breadcrumbs-content":"","ast-featured-img":"","footer-sml-layout":"","theme-transparent-header-meta":"default","adv-header-id-meta":"","stick-header-meta":"","header-above-stick-meta":"","header-main-stick-meta":"","header-below-stick-meta":"","astra-migrate-meta-layouts":"set","ast-page-background-enabled":"default","ast-page-background-meta":{"desktop":{"background-color":"var(--ast-global-color-4)","background-image":"","background-repeat":"repeat","background-position":"center center","background-size":"auto","background-attachment":"scroll","background-type":"","background-media":"","overlay-type":"","overlay-color":"","overlay-gradient":""},"tablet":{"background-color":"","background-image":"","background-repeat":"repeat","background-position":"center center","background-size":"auto","background-attachment":"scroll","background-type":"","background-media":"","overlay-type":"","overlay-color":"","overlay-gradient":""},"mobile":{"background-color":"","background-image":"","background-repeat":"repeat","background-position":"center center","background-size":"auto","background-attachment":"scroll","background-type":"","background-media":"","overlay-type":"","overlay-color":"","overlay-gradient":""}},"ast-content-background-meta":{"desktop":{"background-color":"var(--ast-global-color-5)","background-image":"","background-repeat":"repeat","background-position":"center center","background-size":"auto","background-attachment":"scroll","background-type":"","background-media":"","overlay-type":"","overlay-color":"","overlay-gradient":""},"tablet":{"background-color":"var(--ast-global-color-5)","background-image":"","background-repeat":"repeat","background-position":"center center","background-size":"auto","background-attachment":"scroll","background-type":"","background-media":"","overlay-type":"","overlay-color":"","overlay-gradient":""},"mobile":{"background-color":"var(--ast-global-color-5)","background-image":"","background-repeat":"repeat","background-position":"center center","background-size":"auto","background-attachment":"scroll","background-type":"","background-media":"","overlay-type":"","overlay-color":"","overlay-gradient":""}}},"product_brand":[],"product_cat":[89,67,79,63],"product_tag":[],"class_list":{"0":"post-1750","1":"product","2":"type-product","3":"status-publish","4":"has-post-thumbnail","6":"product_cat-audio-multiroom","7":"product_cat-parlantes-portatiles","8":"product_cat-roam-2","9":"product_cat-sonos","10":"desktop-align-left","11":"tablet-align-left","12":"mobile-align-left","14":"first","15":"instock","16":"shipping-taxable","17":"purchasable","18":"product-type-simple"},"aioseo_notices":[],"_links":{"self":[{"href":"https:\/\/aecoart.com\/index.php\/wp-json\/wp\/v2\/product\/1750","targetHints":{"allow":["GET"]}}],"collection":[{"href":"https:\/\/aecoart.com\/index.php\/wp-json\/wp\/v2\/product"}],"about":[{"href":"https:\/\/aecoart.com\/index.php\/wp-json\/wp\/v2\/types\/product"}],"replies":[{"embeddable":true,"href":"https:\/\/aecoart.com\/index.php\/wp-json\/wp\/v2\/comments?post=1750"}],"wp:featuredmedia":[{"embeddable":true,"href":"https:\/\/aecoart.com\/index.php\/wp-json\/wp\/v2\/media\/1774"}],"wp:attachment":[{"href":"https:\/\/aecoart.com\/index.php\/wp-json\/wp\/v2\/media?parent=1750"}],"wp:term":[{"taxonomy":"product_brand","embeddable":true,"href":"https:\/\/aecoart.com\/index.php\/wp-json\/wp\/v2\/product_brand?post=1750"},{"taxonomy":"product_cat","embeddable":true,"href":"https:\/\/aecoart.com\/index.php\/wp-json\/wp\/v2\/product_cat?post=1750"},{"taxonomy":"product_tag","embeddable":true,"href":"https:\/\/aecoart.com\/index.php\/wp-json\/wp\/v2\/product_tag?post=1750"}],"curies":[{"name":"wp","href":"https:\/\/api.w.org\/{rel}","templated":true}]}}