{"id":1747,"date":"2026-01-28T18:40:32","date_gmt":"2026-01-28T21:40:32","guid":{"rendered":"https:\/\/aecoart.com\/?post_type=product&#038;p=1747"},"modified":"2026-03-25T15:49:15","modified_gmt":"2026-03-25T18:49:15","slug":"sonos-beam-gen-2","status":"publish","type":"product","link":"https:\/\/aecoart.com\/index.php\/product\/sonos-beam-gen-2\/","title":{"rendered":"Sonos Beam Gen 2"},"content":{"rendered":"<p class=\"Pdp_productOverview__vehq796\" data-testid=\"pdpShortDescription\">Desde m\u00fasica hasta pel\u00edculas, la \u00faltima generaci\u00f3n de Beam mejora todo tu entretenimiento con sonido potente y preciso de pared a pared.<\/p>\n<div class=\"mt-2 [&amp;_p]:text-grayDarkest\" data-testid=\"pdpLongDescription\">\n<p class=\"block text-[16px] leading-[1.4] font-normal text-greyMedium\" data-testid=\"para-sm-pt-text\">Disfrut\u00e1 di\u00e1logos incre\u00edblemente n\u00edtidos en programas de TV, pel\u00edculas y videojuegos, y reproduc\u00ed m\u00fasica desde todos tus servicios de streaming favoritos. El procesamiento avanzado permite generar audio espacial, creando una experiencia de sonido surround virtual con Dolby Atmos.<sup class=\"cursor-pointer\" data-testid=\"footnote-jumpLink\">1<\/sup> Beam se instala en minutos y se controla f\u00e1cilmente con la app Sonos, el control remoto de tu TV y tu voz.<sup class=\"cursor-pointer\" data-testid=\"footnote-jumpLink\">2<\/sup> Agreg\u00e1 un subwoofer y parlantes posteriores cuando quieras para un sonido surround m\u00e1s envolvente. Cre\u00e1 f\u00e1cilmente un sistema conectado para todo tu hogar al agregar parlantes Sonos a m\u00e1s habitaciones.<\/p>\n<\/div>\n","protected":false},"excerpt":{"rendered":"<p>Desde m\u00fasica hasta pel\u00edculas, la \u00faltima generaci\u00f3n de Beam mejora todo tu entretenimiento con sonido potente y preciso de pared a pared. Disfrut\u00e1 di\u00e1logos incre\u00edblemente n\u00edtidos en programas de TV, pel\u00edculas y videojuegos, y reproduc\u00ed m\u00fasica desde todos tus servicios de streaming favoritos. El procesamiento avanzado permite generar audio espacial, creando una experiencia de sonido [&hellip;]<\/p>\n","protected":false},"featured_media":1757,"comment_status":"open","ping_status":"closed","template":"","meta":{"_monsterinsights_skip_tracking":false,"_monsterinsights_sitenote_active":false,"_monsterinsights_sitenote_note":"","_monsterinsights_sitenote_category":0,"site-sidebar-layout":"default","site-content-layout":"","ast-site-content-layout":"default","site-content-style":"default","site-sidebar-style":"default","ast-global-header-display":"","ast-banner-title-visibility":"","ast-main-header-display":"","ast-hfb-above-header-display":"","ast-hfb-below-header-display":"","ast-hfb-mobile-header-display":"","site-post-title":"","ast-breadcrumbs-content":"","ast-featured-img":"","footer-sml-layout":"","theme-transparent-header-meta":"default","adv-header-id-meta":"","stick-header-meta":"","header-above-stick-meta":"","header-main-stick-meta":"","header-below-stick-meta":"","astra-migrate-meta-layouts":"set","ast-page-background-enabled":"default","ast-page-background-meta":{"desktop":{"background-color":"var(--ast-global-color-4)","background-image":"","background-repeat":"repeat","background-position":"center center","background-size":"auto","background-attachment":"scroll","background-type":"","background-media":"","overlay-type":"","overlay-color":"","overlay-gradient":""},"tablet":{"background-color":"","background-image":"","background-repeat":"repeat","background-position":"center center","background-size":"auto","background-attachment":"scroll","background-type":"","background-media":"","overlay-type":"","overlay-color":"","overlay-gradient":""},"mobile":{"background-color":"","background-image":"","background-repeat":"repeat","background-position":"center center","background-size":"auto","background-attachment":"scroll","background-type":"","background-media":"","overlay-type":"","overlay-color":"","overlay-gradient":""}},"ast-content-background-meta":{"desktop":{"background-color":"var(--ast-global-color-5)","background-image":"","background-repeat":"repeat","background-position":"center center","background-size":"auto","background-attachment":"scroll","background-type":"","background-media":"","overlay-type":"","overlay-color":"","overlay-gradient":""},"tablet":{"background-color":"var(--ast-global-color-5)","background-image":"","background-repeat":"repeat","background-position":"center center","background-size":"auto","background-attachment":"scroll","background-type":"","background-media":"","overlay-type":"","overlay-color":"","overlay-gradient":""},"mobile":{"background-color":"var(--ast-global-color-5)","background-image":"","background-repeat":"repeat","background-position":"center center","background-size":"auto","background-attachment":"scroll","background-type":"","background-media":"","overlay-type":"","overlay-color":"","overlay-gradient":""}}},"product_brand":[],"product_cat":[89,65,73,63],"product_tag":[],"class_list":{"0":"post-1747","1":"product","2":"type-product","3":"status-publish","4":"has-post-thumbnail","6":"product_cat-audio-multiroom","7":"product_cat-barras-de-sonido","8":"product_cat-beam-gen-2","9":"product_cat-sonos","10":"desktop-align-left","11":"tablet-align-left","12":"mobile-align-left","14":"first","15":"instock","16":"sale","17":"shipping-taxable","18":"purchasable","19":"product-type-simple"},"aioseo_notices":[],"_links":{"self":[{"href":"https:\/\/aecoart.com\/index.php\/wp-json\/wp\/v2\/product\/1747","targetHints":{"allow":["GET"]}}],"collection":[{"href":"https:\/\/aecoart.com\/index.php\/wp-json\/wp\/v2\/product"}],"about":[{"href":"https:\/\/aecoart.com\/index.php\/wp-json\/wp\/v2\/types\/product"}],"replies":[{"embeddable":true,"href":"https:\/\/aecoart.com\/index.php\/wp-json\/wp\/v2\/comments?post=1747"}],"wp:featuredmedia":[{"embeddable":true,"href":"https:\/\/aecoart.com\/index.php\/wp-json\/wp\/v2\/media\/1757"}],"wp:attachment":[{"href":"https:\/\/aecoart.com\/index.php\/wp-json\/wp\/v2\/media?parent=1747"}],"wp:term":[{"taxonomy":"product_brand","embeddable":true,"href":"https:\/\/aecoart.com\/index.php\/wp-json\/wp\/v2\/product_brand?post=1747"},{"taxonomy":"product_cat","embeddable":true,"href":"https:\/\/aecoart.com\/index.php\/wp-json\/wp\/v2\/product_cat?post=1747"},{"taxonomy":"product_tag","embeddable":true,"href":"https:\/\/aecoart.com\/index.php\/wp-json\/wp\/v2\/product_tag?post=1747"}],"curies":[{"name":"wp","href":"https:\/\/api.w.org\/{rel}","templated":true}]}}