{"id":1746,"date":"2026-01-28T16:05:11","date_gmt":"2026-01-28T19:05:11","guid":{"rendered":"https:\/\/aecoart.com\/?post_type=product&#038;p=1746"},"modified":"2026-03-17T14:22:31","modified_gmt":"2026-03-17T17:22:31","slug":"sonos-sub-4-blanco","status":"publish","type":"product","link":"https:\/\/aecoart.com\/index.php\/product\/sonos-sub-4-blanco\/","title":{"rendered":"Sonos Sub 4 Blanco"},"content":{"rendered":"<p class=\"Pdp_productOverview__vehq796\" data-testid=\"pdpShortDescription\">Sub 4 libera toda la potencia del sonido Sonos para sumergirte m\u00e1s profundo en cada escena y cada canci\u00f3n.<\/p>\n<header class=\"Pdp_productMoreInfoHeader__vehq797\">M\u00e1s informaci\u00f3n<\/p>\n<div class=\"Pdp_chevronIcon__vehq79a\"><\/div>\n<\/header>\n<div class=\"mt-2 [&amp;_p]:text-grayDarkest\" data-testid=\"pdpLongDescription\">\n<p class=\"block text-[16px] leading-[1.4] font-normal text-greyMedium\" data-testid=\"para-sm-pt-text\">Combin\u00e1 Sub 4 con tu barra de sonido o parlante Sonos para lograr una diferencia que podr\u00e1s o\u00edr y sentir. Los woofers duales con cancelaci\u00f3n de fuerza generan graves impactantes y eliminan pr\u00e1cticamente la distorsi\u00f3n. Actualizado con un acabado mate, el ic\u00f3nico dise\u00f1o se ve incre\u00edble en tu hogar. Configuralo en minutos: simplemente conect\u00e1 el cable de alimentaci\u00f3n y abr\u00ed la app Sonos. Sub 4 se conecta a tu sistema por WiFi para que puedas ponerlo en el lugar m\u00e1s pr\u00e1ctico y donde mejor se vea en la habitaci\u00f3n. Colocalo en posici\u00f3n vertical o apoyalo de forma lateral para esconderlo bajo el sill\u00f3n. Combin\u00e1 dos con Arc Ultra o Arc para obtener graves tan profundos y un sonido tan cinematogr\u00e1fico que olvidar\u00e1s que no est\u00e1s en el cine.<\/p>\n<\/div>\n","protected":false},"excerpt":{"rendered":"<p>Sub 4 libera toda la potencia del sonido Sonos para sumergirte m\u00e1s profundo en cada escena y cada canci\u00f3n. M\u00e1s informaci\u00f3n Combin\u00e1 Sub 4 con tu barra de sonido o parlante Sonos para lograr una diferencia que podr\u00e1s o\u00edr y sentir. Los woofers duales con cancelaci\u00f3n de fuerza generan graves impactantes y eliminan pr\u00e1cticamente la [&hellip;]<\/p>\n","protected":false},"featured_media":1741,"comment_status":"open","ping_status":"closed","template":"","meta":{"_monsterinsights_skip_tracking":false,"_monsterinsights_sitenote_active":false,"_monsterinsights_sitenote_note":"","_monsterinsights_sitenote_category":0,"site-sidebar-layout":"default","site-content-layout":"","ast-site-content-layout":"default","site-content-style":"default","site-sidebar-style":"default","ast-global-header-display":"","ast-banner-title-visibility":"","ast-main-header-display":"","ast-hfb-above-header-display":"","ast-hfb-below-header-display":"","ast-hfb-mobile-header-display":"","site-post-title":"","ast-breadcrumbs-content":"","ast-featured-img":"","footer-sml-layout":"","theme-transparent-header-meta":"default","adv-header-id-meta":"","stick-header-meta":"","header-above-stick-meta":"","header-main-stick-meta":"","header-below-stick-meta":"","astra-migrate-meta-layouts":"set","ast-page-background-enabled":"default","ast-page-background-meta":{"desktop":{"background-color":"var(--ast-global-color-4)","background-image":"","background-repeat":"repeat","background-position":"center center","background-size":"auto","background-attachment":"scroll","background-type":"","background-media":"","overlay-type":"","overlay-color":"","overlay-gradient":""},"tablet":{"background-color":"","background-image":"","background-repeat":"repeat","background-position":"center center","background-size":"auto","background-attachment":"scroll","background-type":"","background-media":"","overlay-type":"","overlay-color":"","overlay-gradient":""},"mobile":{"background-color":"","background-image":"","background-repeat":"repeat","background-position":"center center","background-size":"auto","background-attachment":"scroll","background-type":"","background-media":"","overlay-type":"","overlay-color":"","overlay-gradient":""}},"ast-content-background-meta":{"desktop":{"background-color":"var(--ast-global-color-5)","background-image":"","background-repeat":"repeat","background-position":"center center","background-size":"auto","background-attachment":"scroll","background-type":"","background-media":"","overlay-type":"","overlay-color":"","overlay-gradient":""},"tablet":{"background-color":"var(--ast-global-color-5)","background-image":"","background-repeat":"repeat","background-position":"center center","background-size":"auto","background-attachment":"scroll","background-type":"","background-media":"","overlay-type":"","overlay-color":"","overlay-gradient":""},"mobile":{"background-color":"var(--ast-global-color-5)","background-image":"","background-repeat":"repeat","background-position":"center center","background-size":"auto","background-attachment":"scroll","background-type":"","background-media":"","overlay-type":"","overlay-color":"","overlay-gradient":""}}},"product_brand":[],"product_cat":[89,63,80,68],"product_tag":[],"class_list":{"0":"post-1746","1":"product","2":"type-product","3":"status-publish","4":"has-post-thumbnail","6":"product_cat-audio-multiroom","7":"product_cat-sonos","8":"product_cat-sub-4","9":"product_cat-subwoofers","10":"desktop-align-left","11":"tablet-align-left","12":"mobile-align-left","14":"first","15":"instock","16":"shipping-taxable","17":"purchasable","18":"product-type-simple"},"aioseo_notices":[],"_links":{"self":[{"href":"https:\/\/aecoart.com\/index.php\/wp-json\/wp\/v2\/product\/1746","targetHints":{"allow":["GET"]}}],"collection":[{"href":"https:\/\/aecoart.com\/index.php\/wp-json\/wp\/v2\/product"}],"about":[{"href":"https:\/\/aecoart.com\/index.php\/wp-json\/wp\/v2\/types\/product"}],"replies":[{"embeddable":true,"href":"https:\/\/aecoart.com\/index.php\/wp-json\/wp\/v2\/comments?post=1746"}],"wp:featuredmedia":[{"embeddable":true,"href":"https:\/\/aecoart.com\/index.php\/wp-json\/wp\/v2\/media\/1741"}],"wp:attachment":[{"href":"https:\/\/aecoart.com\/index.php\/wp-json\/wp\/v2\/media?parent=1746"}],"wp:term":[{"taxonomy":"product_brand","embeddable":true,"href":"https:\/\/aecoart.com\/index.php\/wp-json\/wp\/v2\/product_brand?post=1746"},{"taxonomy":"product_cat","embeddable":true,"href":"https:\/\/aecoart.com\/index.php\/wp-json\/wp\/v2\/product_cat?post=1746"},{"taxonomy":"product_tag","embeddable":true,"href":"https:\/\/aecoart.com\/index.php\/wp-json\/wp\/v2\/product_tag?post=1746"}],"curies":[{"name":"wp","href":"https:\/\/api.w.org\/{rel}","templated":true}]}}