{"id":1710,"date":"2026-01-28T18:41:33","date_gmt":"2026-01-28T21:41:33","guid":{"rendered":"https:\/\/aecoart.com\/?post_type=product&#038;p=1710"},"modified":"2026-03-17T14:47:53","modified_gmt":"2026-03-17T17:47:53","slug":"sonos-arc-ultra-blanco","status":"publish","type":"product","link":"https:\/\/aecoart.com\/index.php\/product\/sonos-arc-ultra-blanco\/","title":{"rendered":"Sonos Arc Ultra Blanco"},"content":{"rendered":"<p>Con la revolucionaria tecnolog\u00eda Sound Motion\u2122 para un espacio sonoro m\u00e1s amplio, Arc Ultra le da vida a tu entretenimiento como ninguna otra barra de sonido.<\/p>\n<p>Descubr\u00ed di\u00e1logos m\u00e1s n\u00edtidos, graves m\u00e1s profundos y sonido m\u00e1s detallado que te rodea con precisi\u00f3n desde todas direcciones, todo en un dise\u00f1o incre\u00edblemente elegante. Dolby Atmos lleva la inmersi\u00f3n a una dimensi\u00f3n completamente nueva, creando una experiencia de audio espacial 9.1.4.<sup class=\"cursor-pointer\" data-testid=\"footnote-jumpLink\">1<\/sup> La Mejora de la Voz, impulsada por IA, detecta la voz humana para hacer m\u00e1s n\u00edtidos los di\u00e1logos y darte mayor control para que nunca te pierdas ni una palabra. Configur\u00e1 Arc Ultra r\u00e1pidamente con el cable HDMI incluido y controlala f\u00e1cilmente con el control remoto de tu TV. Tambi\u00e9n pod\u00e9s usar la app Sonos, los controles t\u00e1ctiles en la parte superior de la barra de sonido, Sonos Voice Control (actualmente disponible solo en ingl\u00e9s) y Amazon Alexa. Cuando la TV est\u00e9 apagada, reproduc\u00ed m\u00fasica y m\u00e1s desde todos tus servicios de streaming favoritos por WiFi y Bluetooth. Agreg\u00e1 un Sonos Sub y parlantes posteriores Era 300 para disfrutar la m\u00e1xima experiencia de sonido surround Dolby Atmos. Escuch\u00e1 por toda tu casa al agregar parlantes Sonos a otras habitaciones.<\/p>\n<p>&nbsp;<\/p>\n","protected":false},"excerpt":{"rendered":"<p>Con la revolucionaria tecnolog\u00eda Sound Motion\u2122 para un espacio sonoro m\u00e1s amplio, Arc Ultra le da vida a tu entretenimiento como ninguna otra barra de sonido. Descubr\u00ed di\u00e1logos m\u00e1s n\u00edtidos, graves m\u00e1s profundos y sonido m\u00e1s detallado que te rodea con precisi\u00f3n desde todas direcciones, todo en un dise\u00f1o incre\u00edblemente elegante. Dolby Atmos lleva la [&hellip;]<\/p>\n","protected":false},"featured_media":1712,"comment_status":"open","ping_status":"closed","template":"","meta":{"_monsterinsights_skip_tracking":false,"_monsterinsights_sitenote_active":false,"_monsterinsights_sitenote_note":"","_monsterinsights_sitenote_category":0,"site-sidebar-layout":"default","site-content-layout":"","ast-site-content-layout":"default","site-content-style":"default","site-sidebar-style":"default","ast-global-header-display":"","ast-banner-title-visibility":"","ast-main-header-display":"","ast-hfb-above-header-display":"","ast-hfb-below-header-display":"","ast-hfb-mobile-header-display":"","site-post-title":"","ast-breadcrumbs-content":"","ast-featured-img":"","footer-sml-layout":"","theme-transparent-header-meta":"default","adv-header-id-meta":"","stick-header-meta":"","header-above-stick-meta":"","header-main-stick-meta":"","header-below-stick-meta":"","astra-migrate-meta-layouts":"set","ast-page-background-enabled":"default","ast-page-background-meta":{"desktop":{"background-color":"var(--ast-global-color-4)","background-image":"","background-repeat":"repeat","background-position":"center center","background-size":"auto","background-attachment":"scroll","background-type":"","background-media":"","overlay-type":"","overlay-color":"","overlay-gradient":""},"tablet":{"background-color":"","background-image":"","background-repeat":"repeat","background-position":"center center","background-size":"auto","background-attachment":"scroll","background-type":"","background-media":"","overlay-type":"","overlay-color":"","overlay-gradient":""},"mobile":{"background-color":"","background-image":"","background-repeat":"repeat","background-position":"center center","background-size":"auto","background-attachment":"scroll","background-type":"","background-media":"","overlay-type":"","overlay-color":"","overlay-gradient":""}},"ast-content-background-meta":{"desktop":{"background-color":"var(--ast-global-color-5)","background-image":"","background-repeat":"repeat","background-position":"center center","background-size":"auto","background-attachment":"scroll","background-type":"","background-media":"","overlay-type":"","overlay-color":"","overlay-gradient":""},"tablet":{"background-color":"var(--ast-global-color-5)","background-image":"","background-repeat":"repeat","background-position":"center center","background-size":"auto","background-attachment":"scroll","background-type":"","background-media":"","overlay-type":"","overlay-color":"","overlay-gradient":""},"mobile":{"background-color":"var(--ast-global-color-5)","background-image":"","background-repeat":"repeat","background-position":"center center","background-size":"auto","background-attachment":"scroll","background-type":"","background-media":"","overlay-type":"","overlay-color":"","overlay-gradient":""}}},"product_brand":[],"product_cat":[72,89,65,61,63],"product_tag":[],"class_list":{"0":"post-1710","1":"product","2":"type-product","3":"status-publish","4":"has-post-thumbnail","6":"product_cat-arc-ultra","7":"product_cat-audio-multiroom","8":"product_cat-barras-de-sonido","9":"product_cat-parlantes","10":"product_cat-sonos","11":"desktop-align-left","12":"tablet-align-left","13":"mobile-align-left","15":"first","16":"instock","17":"shipping-taxable","18":"purchasable","19":"product-type-simple"},"aioseo_notices":[],"_links":{"self":[{"href":"https:\/\/aecoart.com\/index.php\/wp-json\/wp\/v2\/product\/1710","targetHints":{"allow":["GET"]}}],"collection":[{"href":"https:\/\/aecoart.com\/index.php\/wp-json\/wp\/v2\/product"}],"about":[{"href":"https:\/\/aecoart.com\/index.php\/wp-json\/wp\/v2\/types\/product"}],"replies":[{"embeddable":true,"href":"https:\/\/aecoart.com\/index.php\/wp-json\/wp\/v2\/comments?post=1710"}],"wp:featuredmedia":[{"embeddable":true,"href":"https:\/\/aecoart.com\/index.php\/wp-json\/wp\/v2\/media\/1712"}],"wp:attachment":[{"href":"https:\/\/aecoart.com\/index.php\/wp-json\/wp\/v2\/media?parent=1710"}],"wp:term":[{"taxonomy":"product_brand","embeddable":true,"href":"https:\/\/aecoart.com\/index.php\/wp-json\/wp\/v2\/product_brand?post=1710"},{"taxonomy":"product_cat","embeddable":true,"href":"https:\/\/aecoart.com\/index.php\/wp-json\/wp\/v2\/product_cat?post=1710"},{"taxonomy":"product_tag","embeddable":true,"href":"https:\/\/aecoart.com\/index.php\/wp-json\/wp\/v2\/product_tag?post=1710"}],"curies":[{"name":"wp","href":"https:\/\/api.w.org\/{rel}","templated":true}]}}