{"id":1666,"date":"2026-01-26T16:53:32","date_gmt":"2026-01-26T19:53:32","guid":{"rendered":"https:\/\/aecoart.com\/?post_type=product&#038;p=1666"},"modified":"2026-03-17T14:31:58","modified_gmt":"2026-03-17T17:31:58","slug":"sonos-era-100","status":"publish","type":"product","link":"https:\/\/aecoart.com\/index.php\/product\/sonos-era-100\/","title":{"rendered":"Sonos Era 100"},"content":{"rendered":"<p>Con ac\u00fastica de \u00faltima generaci\u00f3n y nuevos niveles de conectividad, Era 100 transforma cualquier habitaci\u00f3n con el sonido est\u00e9reo calibrado y los graves intensos que tu m\u00fasica merece.<\/p>\n<p>Reproduc\u00ed f\u00e1cilmente todo tu contenido de audio por WiFi y\u00a0Bluetooth\u00ae.<sup class=\"cursor-pointer\" data-testid=\"footnote-jumpLink\">1<\/sup>\u00a0Conect\u00e1 tu bandeja giradiscos u otro dispositivo usando un cable auxiliar y el\u00a0<a class=\"underline\" href=\"https:\/\/www.sonos.com\/es-ar\/shop\/sonos-line-in-adapter\" target=\"_self\" data-testid=\"cta-link\">adaptador de entrada de l\u00ednea Sonos<\/a>.<sup class=\"cursor-pointer\" data-testid=\"footnote-jumpLink\">2<\/sup>\u00a0Controlalo con tu voz, sin utilizar las\u00a0manos.<sup class=\"cursor-pointer\" data-testid=\"footnote-jumpLink\">3<\/sup>\u00a0Combin\u00e1 dos en la misma habitaci\u00f3n para sonido est\u00e9reo a\u00fan m\u00e1s intenso o sonido surround envolvente para home theater. Agreg\u00e1 m\u00e1s parlantes Sonos por toda tu casa para tener sonido incre\u00edble en cada habitaci\u00f3n.<\/p>\n","protected":false},"excerpt":{"rendered":"<p>Con ac\u00fastica de \u00faltima generaci\u00f3n y nuevos niveles de conectividad, Era 100 transforma cualquier habitaci\u00f3n con el sonido est\u00e9reo calibrado y los graves intensos que tu m\u00fasica merece. Reproduc\u00ed f\u00e1cilmente todo tu contenido de audio por WiFi y\u00a0Bluetooth\u00ae.1\u00a0Conect\u00e1 tu bandeja giradiscos u otro dispositivo usando un cable auxiliar y el\u00a0adaptador de entrada de l\u00ednea Sonos.2\u00a0Controlalo [&hellip;]<\/p>\n","protected":false},"featured_media":1667,"comment_status":"open","ping_status":"closed","template":"","meta":{"_monsterinsights_skip_tracking":false,"_monsterinsights_sitenote_active":false,"_monsterinsights_sitenote_note":"","_monsterinsights_sitenote_category":0,"site-sidebar-layout":"default","site-content-layout":"","ast-site-content-layout":"default","site-content-style":"default","site-sidebar-style":"default","ast-global-header-display":"","ast-banner-title-visibility":"","ast-main-header-display":"","ast-hfb-above-header-display":"","ast-hfb-below-header-display":"","ast-hfb-mobile-header-display":"","site-post-title":"","ast-breadcrumbs-content":"","ast-featured-img":"","footer-sml-layout":"","theme-transparent-header-meta":"default","adv-header-id-meta":"","stick-header-meta":"","header-above-stick-meta":"","header-main-stick-meta":"","header-below-stick-meta":"","astra-migrate-meta-layouts":"set","ast-page-background-enabled":"default","ast-page-background-meta":{"desktop":{"background-color":"var(--ast-global-color-4)","background-image":"","background-repeat":"repeat","background-position":"center center","background-size":"auto","background-attachment":"scroll","background-type":"","background-media":"","overlay-type":"","overlay-color":"","overlay-gradient":""},"tablet":{"background-color":"","background-image":"","background-repeat":"repeat","background-position":"center center","background-size":"auto","background-attachment":"scroll","background-type":"","background-media":"","overlay-type":"","overlay-color":"","overlay-gradient":""},"mobile":{"background-color":"","background-image":"","background-repeat":"repeat","background-position":"center center","background-size":"auto","background-attachment":"scroll","background-type":"","background-media":"","overlay-type":"","overlay-color":"","overlay-gradient":""}},"ast-content-background-meta":{"desktop":{"background-color":"var(--ast-global-color-5)","background-image":"","background-repeat":"repeat","background-position":"center center","background-size":"auto","background-attachment":"scroll","background-type":"","background-media":"","overlay-type":"","overlay-color":"","overlay-gradient":""},"tablet":{"background-color":"var(--ast-global-color-5)","background-image":"","background-repeat":"repeat","background-position":"center center","background-size":"auto","background-attachment":"scroll","background-type":"","background-media":"","overlay-type":"","overlay-color":"","overlay-gradient":""},"mobile":{"background-color":"var(--ast-global-color-5)","background-image":"","background-repeat":"repeat","background-position":"center center","background-size":"auto","background-attachment":"scroll","background-type":"","background-media":"","overlay-type":"","overlay-color":"","overlay-gradient":""}}},"product_brand":[],"product_cat":[89,75,61,66,63],"product_tag":[],"class_list":{"0":"post-1666","1":"product","2":"type-product","3":"status-publish","4":"has-post-thumbnail","6":"product_cat-audio-multiroom","7":"product_cat-era-100","8":"product_cat-parlantes","9":"product_cat-parlantes-de-hogar","10":"product_cat-sonos","11":"desktop-align-left","12":"tablet-align-left","13":"mobile-align-left","15":"first","16":"instock","17":"shipping-taxable","18":"purchasable","19":"product-type-simple"},"aioseo_notices":[],"_links":{"self":[{"href":"https:\/\/aecoart.com\/index.php\/wp-json\/wp\/v2\/product\/1666","targetHints":{"allow":["GET"]}}],"collection":[{"href":"https:\/\/aecoart.com\/index.php\/wp-json\/wp\/v2\/product"}],"about":[{"href":"https:\/\/aecoart.com\/index.php\/wp-json\/wp\/v2\/types\/product"}],"replies":[{"embeddable":true,"href":"https:\/\/aecoart.com\/index.php\/wp-json\/wp\/v2\/comments?post=1666"}],"wp:featuredmedia":[{"embeddable":true,"href":"https:\/\/aecoart.com\/index.php\/wp-json\/wp\/v2\/media\/1667"}],"wp:attachment":[{"href":"https:\/\/aecoart.com\/index.php\/wp-json\/wp\/v2\/media?parent=1666"}],"wp:term":[{"taxonomy":"product_brand","embeddable":true,"href":"https:\/\/aecoart.com\/index.php\/wp-json\/wp\/v2\/product_brand?post=1666"},{"taxonomy":"product_cat","embeddable":true,"href":"https:\/\/aecoart.com\/index.php\/wp-json\/wp\/v2\/product_cat?post=1666"},{"taxonomy":"product_tag","embeddable":true,"href":"https:\/\/aecoart.com\/index.php\/wp-json\/wp\/v2\/product_tag?post=1666"}],"curies":[{"name":"wp","href":"https:\/\/api.w.org\/{rel}","templated":true}]}}