{"id":1531,"date":"2026-01-28T18:42:19","date_gmt":"2026-01-28T21:42:19","guid":{"rendered":"https:\/\/aecoart.com\/?post_type=product&#038;p=1531"},"modified":"2026-03-17T17:23:05","modified_gmt":"2026-03-17T20:23:05","slug":"sonos-port","status":"publish","type":"product","link":"https:\/\/aecoart.com\/index.php\/product\/sonos-port\/","title":{"rendered":"Sonos Port"},"content":{"rendered":"<p>SNS-PORT PORT1US1 Conecte el puerto a su est\u00e9reo tradicional para transmitir m\u00fasica y mucho m\u00e1s. Disfruta del control con la aplicaci\u00f3n Sonos o Apple AirPlay 2, y ampl\u00eda f\u00e1cilmente tu sistema de sonido a m\u00e1s habitaciones. Disfruta de m\u00fasica, podcasts, audiolibros y radio por Internet con tu equipo de audio amplificado. Tambi\u00e9n puede transmitir vinilo, CD y archivos de audio almacenados a los altavoces Sonos en otras habitaciones de su hogar. Transmite sonido directamente desde tu iPhone o iPad y pide a Siri que reproduzca m\u00fasica de Apple. Utilice la entrada de l\u00ednea para conectar su tel\u00e9fono u otro dispositivo a su equipo est\u00e9reo. Una entrada de l\u00ednea de audio para integrar el tocadiscos, el reproductor de CD u otra fuente de audio en el ecosistema de Sonos. Una salida de l\u00ednea de audio, ya sea anal\u00f3gica (RCA) o digital (coaxial), para conectar tu equipo de audio amplificado. Un interruptor de 12 V que enciende tu equipo de m\u00fasica o receptor autom\u00e1ticamente cuando recibe la se\u00f1al para que no tengas que hacer nada m\u00e1s. Controles de ajuste de graves y agudos para optimizar la calidad del sonido. Ajusta el volumen por habitaci\u00f3n o por grupo de habitaciones. Fuente de alimentaci\u00f3n Entrada universal con conmutaci\u00f3n autom\u00e1tica de 100-240 V de CA y 50-60 Hz. Puertos Ethernet Dos puertos de 10\/100 Mbps. Util\u00edzalos para conectar tu Sonos directamente al router si tu conexi\u00f3n Wi-Fi no es estable. Wi-Fi Se conecta a la red Wi-Fi de tu casa con cualquier router 802.11b\/g de 2,4 GHz con capacidad para reproducir de forma inal\u00e1mbrica. AirPlay 2 de Apple Funciona con AirPlay 2 y dispositivos Apple iOS 11.4 o superior. Requisitos del sistema Un equipo de audio amplificado con entradas de audio digital o anal\u00f3gica (o una fuente de audio con una salida de audio) y con Internet de banda ancha. Lleva la experiencia Sonos al est\u00e9reo o receptor que ya tienes y disfruta todas las posibilidades del audio multi-habitaci\u00f3n. Conecta Port a tu equipo de audio tradicional para reproducir m\u00fasica, radio, audiolibros y m\u00e1s desde todos tus servicios de streaming favoritos. Contr\u00f3lalo f\u00e1cilmente con la app Sonos y Apple AirPlay 2. Ampl\u00eda tu sistema de audio en cualquier momento agregando bocinas Sonos en distintas partes de tu casa. Todo funciona en conjunto por WiFi.<\/p>\n","protected":false},"excerpt":{"rendered":"<p>SNS-PORT PORT1US1 Conecte el puerto a su est\u00e9reo tradicional para transmitir m\u00fasica y mucho m\u00e1s. Disfruta del control con la aplicaci\u00f3n Sonos o Apple AirPlay 2, y ampl\u00eda f\u00e1cilmente tu sistema de sonido a m\u00e1s habitaciones. Disfruta de m\u00fasica, podcasts, audiolibros y radio por Internet con tu equipo de audio amplificado. Tambi\u00e9n puede transmitir vinilo, [&hellip;]<\/p>\n","protected":false},"featured_media":1819,"comment_status":"open","ping_status":"closed","template":"","meta":{"_monsterinsights_skip_tracking":false,"_monsterinsights_sitenote_active":false,"_monsterinsights_sitenote_note":"","_monsterinsights_sitenote_category":0,"site-sidebar-layout":"default","site-content-layout":"","ast-site-content-layout":"default","site-content-style":"default","site-sidebar-style":"default","ast-global-header-display":"","ast-banner-title-visibility":"","ast-main-header-display":"","ast-hfb-above-header-display":"","ast-hfb-below-header-display":"","ast-hfb-mobile-header-display":"","site-post-title":"","ast-breadcrumbs-content":"","ast-featured-img":"","footer-sml-layout":"","theme-transparent-header-meta":"default","adv-header-id-meta":"","stick-header-meta":"","header-above-stick-meta":"","header-main-stick-meta":"","header-below-stick-meta":"","astra-migrate-meta-layouts":"set","ast-page-background-enabled":"default","ast-page-background-meta":{"desktop":{"background-color":"var(--ast-global-color-4)","background-image":"","background-repeat":"repeat","background-position":"center center","background-size":"auto","background-attachment":"scroll","background-type":"","background-media":"","overlay-type":"","overlay-color":"","overlay-gradient":""},"tablet":{"background-color":"","background-image":"","background-repeat":"repeat","background-position":"center center","background-size":"auto","background-attachment":"scroll","background-type":"","background-media":"","overlay-type":"","overlay-color":"","overlay-gradient":""},"mobile":{"background-color":"","background-image":"","background-repeat":"repeat","background-position":"center center","background-size":"auto","background-attachment":"scroll","background-type":"","background-media":"","overlay-type":"","overlay-color":"","overlay-gradient":""}},"ast-content-background-meta":{"desktop":{"background-color":"var(--ast-global-color-5)","background-image":"","background-repeat":"repeat","background-position":"center center","background-size":"auto","background-attachment":"scroll","background-type":"","background-media":"","overlay-type":"","overlay-color":"","overlay-gradient":""},"tablet":{"background-color":"var(--ast-global-color-5)","background-image":"","background-repeat":"repeat","background-position":"center center","background-size":"auto","background-attachment":"scroll","background-type":"","background-media":"","overlay-type":"","overlay-color":"","overlay-gradient":""},"mobile":{"background-color":"var(--ast-global-color-5)","background-image":"","background-repeat":"repeat","background-position":"center center","background-size":"auto","background-attachment":"scroll","background-type":"","background-media":"","overlay-type":"","overlay-color":"","overlay-gradient":""}}},"product_brand":[],"product_cat":[89,69,83,63],"product_tag":[],"class_list":{"0":"post-1531","1":"product","2":"type-product","3":"status-publish","4":"has-post-thumbnail","6":"product_cat-audio-multiroom","7":"product_cat-componentes","8":"product_cat-port","9":"product_cat-sonos","10":"desktop-align-left","11":"tablet-align-left","12":"mobile-align-left","14":"first","15":"instock","16":"shipping-taxable","17":"purchasable","18":"product-type-simple"},"aioseo_notices":[],"_links":{"self":[{"href":"https:\/\/aecoart.com\/index.php\/wp-json\/wp\/v2\/product\/1531","targetHints":{"allow":["GET"]}}],"collection":[{"href":"https:\/\/aecoart.com\/index.php\/wp-json\/wp\/v2\/product"}],"about":[{"href":"https:\/\/aecoart.com\/index.php\/wp-json\/wp\/v2\/types\/product"}],"replies":[{"embeddable":true,"href":"https:\/\/aecoart.com\/index.php\/wp-json\/wp\/v2\/comments?post=1531"}],"wp:featuredmedia":[{"embeddable":true,"href":"https:\/\/aecoart.com\/index.php\/wp-json\/wp\/v2\/media\/1819"}],"wp:attachment":[{"href":"https:\/\/aecoart.com\/index.php\/wp-json\/wp\/v2\/media?parent=1531"}],"wp:term":[{"taxonomy":"product_brand","embeddable":true,"href":"https:\/\/aecoart.com\/index.php\/wp-json\/wp\/v2\/product_brand?post=1531"},{"taxonomy":"product_cat","embeddable":true,"href":"https:\/\/aecoart.com\/index.php\/wp-json\/wp\/v2\/product_cat?post=1531"},{"taxonomy":"product_tag","embeddable":true,"href":"https:\/\/aecoart.com\/index.php\/wp-json\/wp\/v2\/product_tag?post=1531"}],"curies":[{"name":"wp","href":"https:\/\/api.w.org\/{rel}","templated":true}]}}