{"id":59,"date":"2020-09-16T05:16:41","date_gmt":"2020-09-16T08:16:41","guid":{"rendered":"http:\/\/aecoart.com\/index.php\/about\/"},"modified":"2025-10-27T17:40:40","modified_gmt":"2025-10-27T20:40:40","slug":"nosotros","status":"publish","type":"page","link":"https:\/\/aecoart.com\/index.php\/nosotros\/","title":{"rendered":"Nosotros"},"content":{"rendered":"\n<div class=\"inherit-container-width wp-block-group alignfull has-ast-global-color-4-background-color has-background is-layout-constrained wp-block-group-is-layout-constrained\"><div class=\"wp-block-group__inner-container\">\n<p class=\"has-text-align-center has-large-font-size\"><strong>Nosotros<\/strong><\/p>\n<\/div><\/div>\n\n\n\n<p class=\"has-text-align-center has-ast-global-color-3-color has-text-color\">Realizamos instalaciones, programaci\u00f3n y automatizaci\u00f3n en lugares comerciales y residenciales. Comenzamos en el 2012 y seguimos mejorando y actualizando nuestros m\u00e9todos de trabajo para ofrecer un buen servicio al cliente.<\/p>\n\n\n\n<div class=\"wp-block-columns alignwide are-vertically-aligned-center is-layout-flex wp-container-core-columns-is-layout-28f84493 wp-block-columns-is-layout-flex\">\n<div class=\"wp-block-column is-vertically-aligned-center is-layout-flow wp-block-column-is-layout-flow\"><\/div>\n\n\n\n<div class=\"wp-block-column is-vertically-aligned-center is-layout-flow wp-block-column-is-layout-flow\"><\/div>\n\n\n\n<div class=\"wp-block-column is-vertically-aligned-center is-layout-flow wp-block-column-is-layout-flow\"><\/div>\n<\/div>\n\n\n\n<div class=\"wp-block-columns alignwide are-vertically-aligned-center is-layout-flex wp-container-core-columns-is-layout-28f84493 wp-block-columns-is-layout-flex\">\n<div class=\"wp-block-column is-vertically-aligned-center is-layout-flow wp-block-column-is-layout-flow\"><\/div>\n\n\n\n<div class=\"wp-block-column is-vertically-aligned-center is-layout-flow wp-block-column-is-layout-flow\"><\/div>\n\n\n\n<div class=\"wp-block-column is-vertically-aligned-center is-layout-flow wp-block-column-is-layout-flow\"><\/div>\n<\/div>\n\n\n\n<div class=\"inherit-container-width wp-block-group alignfull has-ast-global-color-5-background-color has-background is-layout-constrained wp-block-group-is-layout-constrained\"><div class=\"wp-block-group__inner-container\">\n<div class=\"wp-block-columns is-layout-flex wp-container-core-columns-is-layout-28f84493 wp-block-columns-is-layout-flex\">\n<div class=\"wp-block-column is-layout-flow wp-block-column-is-layout-flow\">\n<figure class=\"wp-block-image aligncenter size-large is-resized\"><img decoding=\"async\" src=\"https:\/\/aecoart.com\/wp-content\/uploads\/2020\/09\/globe-free-img.png\" alt=\"\" class=\"wp-image-14\" style=\"width:60px;height:60px\"\/><\/figure>\n\n\n\n<h6 class=\"wp-block-heading has-text-align-center\">GLOBAL SHIPPING<\/h6>\n\n\n\n<p class=\"has-text-align-center\">Hacemos instalaciones en todo el pais<\/p>\n<\/div>\n\n\n\n<div class=\"wp-block-column is-layout-flow wp-block-column-is-layout-flow\">\n<div class=\"wp-block-columns is-layout-flex wp-container-core-columns-is-layout-28f84493 wp-block-columns-is-layout-flex\">\n<div class=\"wp-block-column is-layout-flow wp-block-column-is-layout-flow\" style=\"flex-basis:100%\">\n<figure class=\"wp-block-image aligncenter size-full is-resized\"><img loading=\"lazy\" decoding=\"async\" width=\"50\" height=\"83\" src=\"https:\/\/aecoart.com\/wp-content\/uploads\/2023\/02\/Screen-Shot-2022-05-12-at-17.30.05-e1677188061164.png\" alt=\"\" class=\"wp-image-1428\" style=\"width:34px;height:56px\"\/><\/figure>\n<\/div>\n<\/div>\n\n\n\n<h6 class=\"wp-block-heading has-text-align-center\">EXCELENTE CALIDAD<\/h6>\n\n\n\n<p class=\"has-text-align-center\">Ofrecemos varias opciones de marcas. Distribuidor oficial de Lutron<\/p>\n<\/div>\n\n\n\n<div class=\"wp-block-column is-layout-flow wp-block-column-is-layout-flow\">\n<figure class=\"wp-block-image aligncenter size-large is-resized\"><img loading=\"lazy\" decoding=\"async\" width=\"120\" height=\"120\" src=\"https:\/\/aecoart.com\/wp-content\/uploads\/2020\/09\/tag-free-img.png\" alt=\"\" class=\"wp-image-45\" style=\"width:60px;height:60px\" srcset=\"https:\/\/aecoart.com\/wp-content\/uploads\/2020\/09\/tag-free-img.png 120w, https:\/\/aecoart.com\/wp-content\/uploads\/2020\/09\/tag-free-img-100x100.png 100w\" sizes=\"auto, (max-width: 120px) 100vw, 120px\" \/><\/figure>\n\n\n\n<h6 class=\"wp-block-heading has-text-align-center\">BUENAS OFERTAS<\/h6>\n\n\n\n<p class=\"has-text-align-center\">Productos tecnologicos con instalacion incluida e integracion<\/p>\n<\/div>\n\n\n\n<div class=\"wp-block-column is-layout-flow wp-block-column-is-layout-flow\">\n<figure class=\"wp-block-image aligncenter size-large is-resized\"><img decoding=\"async\" src=\"https:\/\/aecoart.com\/wp-content\/uploads\/2020\/09\/lock-free-img.png\" alt=\"\" class=\"wp-image-16\" style=\"width:60px;height:60px\"\/><\/figure>\n\n\n\n<h6 class=\"wp-block-heading has-text-align-center\">PAGOS SEGUROS<\/h6>\n\n\n\n<p class=\"has-text-align-center\">Aceptamos transferencias, efectivo, Mercadopago y Paypal<\/p>\n<\/div>\n<\/div>\n<\/div><\/div>\n","protected":false},"excerpt":{"rendered":"<p>Nosotros Realizamos instalaciones, programaci\u00f3n y automatizaci\u00f3n en lugares comerciales y residenciales. Comenzamos en el 2012 y seguimos mejorando y actualizando nuestros m\u00e9todos de trabajo para ofrecer un buen servicio al cliente. GLOBAL SHIPPING Hacemos instalaciones en todo el pais EXCELENTE CALIDAD Ofrecemos varias opciones de marcas. Distribuidor oficial de Lutron BUENAS OFERTAS Productos tecnologicos con [&hellip;]<\/p>\n","protected":false},"author":1,"featured_media":0,"parent":0,"menu_order":0,"comment_status":"closed","ping_status":"closed","template":"","meta":{"_monsterinsights_skip_tracking":false,"_monsterinsights_sitenote_active":false,"_monsterinsights_sitenote_note":"","_monsterinsights_sitenote_category":0,"site-sidebar-layout":"no-sidebar","site-content-layout":"plain-container","ast-site-content-layout":"normal-width-container","site-content-style":"unboxed","site-sidebar-style":"unboxed","ast-global-header-display":"","ast-banner-title-visibility":"","ast-main-header-display":"","ast-hfb-above-header-display":"","ast-hfb-below-header-display":"","ast-hfb-mobile-header-display":"","site-post-title":"disabled","ast-breadcrumbs-content":"","ast-featured-img":"","footer-sml-layout":"","theme-transparent-header-meta":"enabled","adv-header-id-meta":"","stick-header-meta":"","header-above-stick-meta":"","header-main-stick-meta":"","header-below-stick-meta":"","astra-migrate-meta-layouts":"set","ast-page-background-enabled":"default","ast-page-background-meta":{"desktop":{"background-color":"var(--ast-global-color-4)","background-image":"","background-repeat":"repeat","background-position":"center center","background-size":"auto","background-attachment":"scroll","background-type":"","background-media":"","overlay-type":"","overlay-color":"","overlay-gradient":""},"tablet":{"background-color":"","background-image":"","background-repeat":"repeat","background-position":"center center","background-size":"auto","background-attachment":"scroll","background-type":"","background-media":"","overlay-type":"","overlay-color":"","overlay-gradient":""},"mobile":{"background-color":"","background-image":"","background-repeat":"repeat","background-position":"center center","background-size":"auto","background-attachment":"scroll","background-type":"","background-media":"","overlay-type":"","overlay-color":"","overlay-gradient":""}},"ast-content-background-meta":{"desktop":{"background-color":"var(--ast-global-color-5)","background-image":"","background-repeat":"repeat","background-position":"center center","background-size":"auto","background-attachment":"scroll","background-type":"","background-media":"","overlay-type":"","overlay-color":"","overlay-gradient":""},"tablet":{"background-color":"var(--ast-global-color-5)","background-image":"","background-repeat":"repeat","background-position":"center center","background-size":"auto","background-attachment":"scroll","background-type":"","background-media":"","overlay-type":"","overlay-color":"","overlay-gradient":""},"mobile":{"background-color":"var(--ast-global-color-5)","background-image":"","background-repeat":"repeat","background-position":"center center","background-size":"auto","background-attachment":"scroll","background-type":"","background-media":"","overlay-type":"","overlay-color":"","overlay-gradient":""}},"footnotes":""},"class_list":["post-59","page","type-page","status-publish","hentry"],"aioseo_notices":[],"_links":{"self":[{"href":"https:\/\/aecoart.com\/index.php\/wp-json\/wp\/v2\/pages\/59","targetHints":{"allow":["GET"]}}],"collection":[{"href":"https:\/\/aecoart.com\/index.php\/wp-json\/wp\/v2\/pages"}],"about":[{"href":"https:\/\/aecoart.com\/index.php\/wp-json\/wp\/v2\/types\/page"}],"author":[{"embeddable":true,"href":"https:\/\/aecoart.com\/index.php\/wp-json\/wp\/v2\/users\/1"}],"replies":[{"embeddable":true,"href":"https:\/\/aecoart.com\/index.php\/wp-json\/wp\/v2\/comments?post=59"}],"version-history":[{"count":16,"href":"https:\/\/aecoart.com\/index.php\/wp-json\/wp\/v2\/pages\/59\/revisions"}],"predecessor-version":[{"id":1604,"href":"https:\/\/aecoart.com\/index.php\/wp-json\/wp\/v2\/pages\/59\/revisions\/1604"}],"wp:attachment":[{"href":"https:\/\/aecoart.com\/index.php\/wp-json\/wp\/v2\/media?parent=59"}],"curies":[{"name":"wp","href":"https:\/\/api.w.org\/{rel}","templated":true}]}}